{"id":18,"date":"2020-02-27T13:51:19","date_gmt":"2020-02-27T13:51:19","guid":{"rendered":"https:\/\/podrumsukac.rs\/?page_id=18"},"modified":"2024-11-18T19:56:32","modified_gmt":"2024-11-18T18:56:32","slug":"pocetna","status":"publish","type":"page","link":"https:\/\/podrumsukac.rs\/en\/","title":{"rendered":"Home"},"content":{"rendered":"<div data-elementor-type=\"wp-page\" data-elementor-id=\"18\" class=\"elementor elementor-18\" data-elementor-post-type=\"page\">\n\t\t\t\t\t\t<section class=\"elementor-section elementor-top-section elementor-element elementor-element-e76cdf6 elementor-section-height-min-height elementor-section-boxed elementor-section-height-default elementor-section-items-middle\" data-id=\"e76cdf6\" data-element_type=\"section\" data-e-type=\"section\" data-settings=\"{&quot;background_background&quot;:&quot;classic&quot;,&quot;shape_divider_bottom&quot;:&quot;waves&quot;}\">\n\t\t\t\t\t\t\t<div class=\"elementor-background-overlay\"><\/div>\n\t\t\t\t\t\t<div class=\"elementor-shape elementor-shape-bottom\" aria-hidden=\"true\" data-negative=\"false\">\n\t\t\t<svg xmlns=\"http:\/\/www.w3.org\/2000\/svg\" viewbox=\"0 0 1000 100\" preserveaspectratio=\"none\">\n\t<path class=\"elementor-shape-fill\" d=\"M421.9,6.5c22.6-2.5,51.5,0.4,75.5,5.3c23.6,4.9,70.9,23.5,100.5,35.7c75.8,32.2,133.7,44.5,192.6,49.7\tc23.6,2.1,48.7,3.5,103.4-2.5c54.7-6,106.2-25.6,106.2-25.6V0H0v30.3c0,0,72,32.6,158.4,30.5c39.2-0.7,92.8-6.7,134-22.4\tc21.2-8.1,52.2-18.2,79.7-24.2C399.3,7.9,411.6,7.5,421.9,6.5z\"\/>\n<\/svg>\t\t<\/div>\n\t\t\t\t\t<div class=\"elementor-container elementor-column-gap-default\">\n\t\t\t\t\t<div class=\"elementor-column elementor-col-100 elementor-top-column elementor-element elementor-element-d680c54\" data-id=\"d680c54\" data-element_type=\"column\" data-e-type=\"column\">\n\t\t\t<div class=\"elementor-widget-wrap elementor-element-populated\">\n\t\t\t\t\t\t<div class=\"elementor-element elementor-element-817d105 elementor-invisible elementor-widget elementor-widget-heading\" data-id=\"817d105\" data-element_type=\"widget\" data-e-type=\"widget\" data-settings=\"{&quot;_animation&quot;:&quot;fadeInDown&quot;}\" data-widget_type=\"heading.default\">\n\t\t\t\t<div class=\"elementor-widget-container\">\n\t\t\t\t\t<h2 class=\"elementor-heading-title elementor-size-default\">Podrum \u0160ukac Family Winery<\/h2>\t\t\t\t<\/div>\n\t\t\t\t<\/div>\n\t\t\t\t<div class=\"elementor-element elementor-element-c56563f animated-slow elementor-invisible elementor-widget elementor-widget-heading\" data-id=\"c56563f\" data-element_type=\"widget\" data-e-type=\"widget\" data-settings=\"{&quot;_animation&quot;:&quot;fadeIn&quot;,&quot;_animation_delay&quot;:&quot;600&quot;}\" data-widget_type=\"heading.default\">\n\t\t\t\t<div class=\"elementor-widget-container\">\n\t\t\t\t\t<h1 class=\"elementor-heading-title elementor-size-default\">Six Generations <br>in the service of hedonism<\/h1>\t\t\t\t<\/div>\n\t\t\t\t<\/div>\n\t\t\t\t\t<\/div>\n\t\t<\/div>\n\t\t\t\t\t<\/div>\n\t\t<\/section>\n\t\t\t\t<section class=\"elementor-section elementor-top-section elementor-element elementor-element-429dc32 elementor-section-content-middle elementor-section-boxed elementor-section-height-default elementor-section-height-default\" data-id=\"429dc32\" data-element_type=\"section\" data-e-type=\"section\" id=\"o-nama\">\n\t\t\t\t\t\t<div class=\"elementor-container elementor-column-gap-no\">\n\t\t\t\t\t<div class=\"elementor-column elementor-col-33 elementor-top-column elementor-element elementor-element-1271ab5\" data-id=\"1271ab5\" data-element_type=\"column\" data-e-type=\"column\">\n\t\t\t<div class=\"elementor-widget-wrap elementor-element-populated\">\n\t\t\t\t\t\t<div class=\"elementor-element elementor-element-d321810 elementor-widget elementor-widget-text-editor\" data-id=\"d321810\" data-element_type=\"widget\" data-e-type=\"widget\" data-widget_type=\"text-editor.default\">\n\t\t\t\t<div class=\"elementor-widget-container\">\n\t\t\t\t\t\t\t\t\t<p>ABOUT US<\/p>\t\t\t\t\t\t\t\t<\/div>\n\t\t\t\t<\/div>\n\t\t\t\t<div class=\"elementor-element elementor-element-219f4bc elementor-widget elementor-widget-heading\" data-id=\"219f4bc\" data-element_type=\"widget\" data-e-type=\"widget\" data-widget_type=\"heading.default\">\n\t\t\t\t<div class=\"elementor-widget-container\">\n\t\t\t\t\t<h2 class=\"elementor-heading-title elementor-size-default\">The winery which connects the past and present<\/h2>\t\t\t\t<\/div>\n\t\t\t\t<\/div>\n\t\t\t\t\t<\/div>\n\t\t<\/div>\n\t\t\t\t<div class=\"elementor-column elementor-col-33 elementor-top-column elementor-element elementor-element-a61c3ea\" data-id=\"a61c3ea\" data-element_type=\"column\" data-e-type=\"column\">\n\t\t\t<div class=\"elementor-widget-wrap elementor-element-populated\">\n\t\t\t\t\t\t<div class=\"elementor-element elementor-element-2f515d5 elementor-widget elementor-widget-text-editor\" data-id=\"2f515d5\" data-element_type=\"widget\" data-e-type=\"widget\" data-widget_type=\"text-editor.default\">\n\t\t\t\t<div class=\"elementor-widget-container\">\n\t\t\t\t\t\t\t\t\t<p>Podrum \u0160ukac, our family winery, lies just across the Danube from Novi Sad, cradled by the gentle foothills of Fru\u0161ka gora, in the town of Sremska Kamenica. The wine-making tradition in our family has been passed down since 1854.<\/p>\t\t\t\t\t\t\t\t<\/div>\n\t\t\t\t<\/div>\n\t\t\t\t\t<\/div>\n\t\t<\/div>\n\t\t\t\t<div class=\"elementor-column elementor-col-33 elementor-top-column elementor-element elementor-element-36ccff7\" data-id=\"36ccff7\" data-element_type=\"column\" data-e-type=\"column\">\n\t\t\t<div class=\"elementor-widget-wrap elementor-element-populated\">\n\t\t\t\t\t\t<div class=\"elementor-element elementor-element-dd0af98 elementor-widget elementor-widget-text-editor\" data-id=\"dd0af98\" data-element_type=\"widget\" data-e-type=\"widget\" data-widget_type=\"text-editor.default\">\n\t\t\t\t<div class=\"elementor-widget-container\">\n\t\t\t\t\t\t\t\t\t<p>Almost two centuries ago, the Savi\u0107 family planted our first vineyard and thus the story of our wine began. Six generations of passion, dedication and love of nature\u2019s gifts, always hard at work to preserve the family tradition and continue in the steps of our forefathers.<\/p>\t\t\t\t\t\t\t\t<\/div>\n\t\t\t\t<\/div>\n\t\t\t\t\t<\/div>\n\t\t<\/div>\n\t\t\t\t\t<\/div>\n\t\t<\/section>\n\t\t\t\t<section class=\"elementor-section elementor-top-section elementor-element elementor-element-35f15a0 elementor-section-boxed elementor-section-height-default elementor-section-height-default\" data-id=\"35f15a0\" data-element_type=\"section\" data-e-type=\"section\" id=\"vina\">\n\t\t\t\t\t\t<div class=\"elementor-container elementor-column-gap-default\">\n\t\t\t\t\t<div class=\"elementor-column elementor-col-100 elementor-top-column elementor-element elementor-element-240c638\" data-id=\"240c638\" data-element_type=\"column\" data-e-type=\"column\">\n\t\t\t<div class=\"elementor-widget-wrap elementor-element-populated\">\n\t\t\t\t\t\t<div class=\"elementor-element elementor-element-6403bad elementor-product-loop-item--align-center elementor-grid-tablet-2 elementor-grid-5 elementor-grid-mobile-1 elementor-products-grid elementor-wc-products elementor-widget elementor-widget-woocommerce-products\" data-id=\"6403bad\" data-element_type=\"widget\" data-e-type=\"widget\" data-widget_type=\"woocommerce-products.default\">\n\t\t\t\t<div class=\"elementor-widget-container\">\n\t\t\t\t\t<div class=\"woocommerce columns-5\"><ul class=\"products elementor-grid columns-5\">\n<li class=\"product type-product post-370 status-publish first instock product_cat-vina has-post-thumbnail shipping-taxable purchasable product-type-simple\">\n\t<a href=\"https:\/\/podrumsukac.rs\/en\/product\/merlot-reserve\/\" class=\"woocommerce-LoopProduct-link woocommerce-loop-product__link\"><img fetchpriority=\"high\" decoding=\"async\" width=\"600\" height=\"900\" src=\"https:\/\/media.podrumsukac.rs\/2020\/11\/merlot-reserve-600x900.jpg\" class=\"attachment-woocommerce_thumbnail size-woocommerce_thumbnail\" alt=\"Merlot Reserve\" srcset=\"https:\/\/media.podrumsukac.rs\/2020\/11\/merlot-reserve-600x900.jpg 600w, https:\/\/media.podrumsukac.rs\/2020\/11\/merlot-reserve-200x300.jpg 200w, https:\/\/media.podrumsukac.rs\/2020\/11\/merlot-reserve-683x1024.jpg 683w, https:\/\/media.podrumsukac.rs\/2020\/11\/merlot-reserve-768x1152.jpg 768w, https:\/\/media.podrumsukac.rs\/2020\/11\/merlot-reserve-1024x1536.jpg 1024w, https:\/\/media.podrumsukac.rs\/2020\/11\/merlot-reserve.jpg 1280w\" sizes=\"(max-width: 600px) 100vw, 600px\" \/><h2 class=\"woocommerce-loop-product__title\">Merlot Reserve<\/h2>\n\t<span class=\"price\"><span class=\"woocommerce-Price-amount amount\"><bdi>1.300,00&nbsp;<span class=\"woocommerce-Price-currencySymbol\">&#1088;&#1089;&#1076;<\/span><\/bdi><\/span><\/span>\n<\/a><a href=\"\/en\/wp-json\/wp\/v2\/pages\/18?add-to-cart=370\" aria-describedby=\"woocommerce_loop_add_to_cart_link_describedby_370\" data-quantity=\"1\" class=\"button product_type_simple add_to_cart_button ajax_add_to_cart\" data-product_id=\"370\" data-product_sku=\"\" aria-label=\"Add to cart: \u201cMerlot Reserve\u201d\" rel=\"nofollow\" data-success_message=\"\u201cMerlot Reserve\u201d has been added to your cart\" role=\"button\" data-no-translation=\"\" data-trp-gettext=\"\" data-no-translation-aria-label=\"\" data-no-translation-data-success_message=\"\">Add to Cart<\/a>\t<span id=\"woocommerce_loop_add_to_cart_link_describedby_370\" class=\"screen-reader-text\">\n\t\t\t<\/span>\n<\/li>\n<li class=\"product type-product post-156 status-publish instock product_cat-vina has-post-thumbnail shipping-taxable purchasable product-type-simple\">\n\t<a href=\"https:\/\/podrumsukac.rs\/en\/product\/merlot\/\" class=\"woocommerce-LoopProduct-link woocommerce-loop-product__link\"><img decoding=\"async\" width=\"600\" height=\"900\" src=\"https:\/\/media.podrumsukac.rs\/2020\/08\/merlot-600x900.jpg\" class=\"attachment-woocommerce_thumbnail size-woocommerce_thumbnail\" alt=\"Merlot\" srcset=\"https:\/\/media.podrumsukac.rs\/2020\/08\/merlot-600x900.jpg 600w, https:\/\/media.podrumsukac.rs\/2020\/08\/merlot-200x300.jpg 200w, https:\/\/media.podrumsukac.rs\/2020\/08\/merlot-683x1024.jpg 683w, https:\/\/media.podrumsukac.rs\/2020\/08\/merlot-768x1152.jpg 768w, https:\/\/media.podrumsukac.rs\/2020\/08\/merlot-1024x1536.jpg 1024w, https:\/\/media.podrumsukac.rs\/2020\/08\/merlot.jpg 1280w\" sizes=\"(max-width: 600px) 100vw, 600px\" \/><h2 class=\"woocommerce-loop-product__title\">Merlot<\/h2>\n\t<span class=\"price\"><span class=\"woocommerce-Price-amount amount\"><bdi>900,00&nbsp;<span class=\"woocommerce-Price-currencySymbol\">&#1088;&#1089;&#1076;<\/span><\/bdi><\/span><\/span>\n<\/a><a href=\"\/en\/wp-json\/wp\/v2\/pages\/18?add-to-cart=156\" aria-describedby=\"woocommerce_loop_add_to_cart_link_describedby_156\" data-quantity=\"1\" class=\"button product_type_simple add_to_cart_button ajax_add_to_cart\" data-product_id=\"156\" data-product_sku=\"\" aria-label=\"Add to cart: \u201cMerlot\u201d\" rel=\"nofollow\" data-success_message=\"\u201cMerlot\u201d has been added to your cart\" role=\"button\" data-no-translation=\"\" data-trp-gettext=\"\" data-no-translation-aria-label=\"\" data-no-translation-data-success_message=\"\">Add to Cart<\/a>\t<span id=\"woocommerce_loop_add_to_cart_link_describedby_156\" class=\"screen-reader-text\">\n\t\t\t<\/span>\n<\/li>\n<li class=\"product type-product post-154 status-publish instock product_cat-vina has-post-thumbnail shipping-taxable purchasable product-type-simple\">\n\t<a href=\"https:\/\/podrumsukac.rs\/en\/product\/rose\/\" class=\"woocommerce-LoopProduct-link woocommerce-loop-product__link\"><img decoding=\"async\" width=\"600\" height=\"900\" src=\"https:\/\/media.podrumsukac.rs\/2020\/08\/rose-600x900.jpg\" class=\"attachment-woocommerce_thumbnail size-woocommerce_thumbnail\" alt=\"Rose\" srcset=\"https:\/\/media.podrumsukac.rs\/2020\/08\/rose-600x900.jpg 600w, https:\/\/media.podrumsukac.rs\/2020\/08\/rose-200x300.jpg 200w, https:\/\/media.podrumsukac.rs\/2020\/08\/rose-683x1024.jpg 683w, https:\/\/media.podrumsukac.rs\/2020\/08\/rose-768x1152.jpg 768w, https:\/\/media.podrumsukac.rs\/2020\/08\/rose-1024x1536.jpg 1024w, https:\/\/media.podrumsukac.rs\/2020\/08\/rose.jpg 1280w\" sizes=\"(max-width: 600px) 100vw, 600px\" \/><h2 class=\"woocommerce-loop-product__title\">Rose<\/h2>\n\t<span class=\"price\"><span class=\"woocommerce-Price-amount amount\"><bdi>800,00&nbsp;<span class=\"woocommerce-Price-currencySymbol\">&#1088;&#1089;&#1076;<\/span><\/bdi><\/span><\/span>\n<\/a><a href=\"\/en\/wp-json\/wp\/v2\/pages\/18?add-to-cart=154\" aria-describedby=\"woocommerce_loop_add_to_cart_link_describedby_154\" data-quantity=\"1\" class=\"button product_type_simple add_to_cart_button ajax_add_to_cart\" data-product_id=\"154\" data-product_sku=\"\" aria-label=\"Add to cart: \u201cRose\u201d\" rel=\"nofollow\" data-success_message=\"\u201cRose\u201d has been added to your cart\" role=\"button\" data-no-translation=\"\" data-trp-gettext=\"\" data-no-translation-aria-label=\"\" data-no-translation-data-success_message=\"\">Add to Cart<\/a>\t<span id=\"woocommerce_loop_add_to_cart_link_describedby_154\" class=\"screen-reader-text\">\n\t\t\t<\/span>\n<\/li>\n<li class=\"product type-product post-152 status-publish instock product_cat-vina has-post-thumbnail shipping-taxable purchasable product-type-simple\">\n\t<a href=\"https:\/\/podrumsukac.rs\/en\/product\/italijanski-rizling\/\" class=\"woocommerce-LoopProduct-link woocommerce-loop-product__link\"><img loading=\"lazy\" decoding=\"async\" width=\"600\" height=\"900\" src=\"https:\/\/media.podrumsukac.rs\/2020\/08\/italijanski_rizling-600x900.jpg\" class=\"attachment-woocommerce_thumbnail size-woocommerce_thumbnail\" alt=\"Gra\u0161ac beli\" srcset=\"https:\/\/media.podrumsukac.rs\/2020\/08\/italijanski_rizling-600x900.jpg 600w, https:\/\/media.podrumsukac.rs\/2020\/08\/italijanski_rizling-200x300.jpg 200w, https:\/\/media.podrumsukac.rs\/2020\/08\/italijanski_rizling-683x1024.jpg 683w, https:\/\/media.podrumsukac.rs\/2020\/08\/italijanski_rizling-768x1152.jpg 768w, https:\/\/media.podrumsukac.rs\/2020\/08\/italijanski_rizling-1024x1536.jpg 1024w, https:\/\/media.podrumsukac.rs\/2020\/08\/italijanski_rizling.jpg 1280w\" sizes=\"(max-width: 600px) 100vw, 600px\" \/><h2 class=\"woocommerce-loop-product__title\">Gra\u0161ac beli<\/h2>\n\t<span class=\"price\"><span class=\"woocommerce-Price-amount amount\"><bdi>800,00&nbsp;<span class=\"woocommerce-Price-currencySymbol\">&#1088;&#1089;&#1076;<\/span><\/bdi><\/span><\/span>\n<\/a><a href=\"\/en\/wp-json\/wp\/v2\/pages\/18?add-to-cart=152\" aria-describedby=\"woocommerce_loop_add_to_cart_link_describedby_152\" data-quantity=\"1\" class=\"button product_type_simple add_to_cart_button ajax_add_to_cart\" data-product_id=\"152\" data-product_sku=\"\" aria-label=\"Add to cart: \u201cGra\u0161ac beli\u201d\" rel=\"nofollow\" data-success_message=\"\u201cGra\u0161ac beli\u201d has been added to your cart\" role=\"button\" data-no-translation=\"\" data-trp-gettext=\"\" data-no-translation-aria-label=\"\" data-no-translation-data-success_message=\"\">Add to Cart<\/a>\t<span id=\"woocommerce_loop_add_to_cart_link_describedby_152\" class=\"screen-reader-text\">\n\t\t\t<\/span>\n<\/li>\n<li class=\"product type-product post-130 status-publish last instock product_cat-vina has-post-thumbnail shipping-taxable purchasable product-type-simple\">\n\t<a href=\"https:\/\/podrumsukac.rs\/en\/product\/sauvignon-blanc\/\" class=\"woocommerce-LoopProduct-link woocommerce-loop-product__link\"><img loading=\"lazy\" decoding=\"async\" width=\"600\" height=\"900\" src=\"https:\/\/media.podrumsukac.rs\/2020\/08\/sauvignon_blanc-600x900.jpg\" class=\"attachment-woocommerce_thumbnail size-woocommerce_thumbnail\" alt=\"Sauvignon Blanc\" srcset=\"https:\/\/media.podrumsukac.rs\/2020\/08\/sauvignon_blanc-600x900.jpg 600w, https:\/\/media.podrumsukac.rs\/2020\/08\/sauvignon_blanc-200x300.jpg 200w, https:\/\/media.podrumsukac.rs\/2020\/08\/sauvignon_blanc-683x1024.jpg 683w, https:\/\/media.podrumsukac.rs\/2020\/08\/sauvignon_blanc-768x1152.jpg 768w, https:\/\/media.podrumsukac.rs\/2020\/08\/sauvignon_blanc-1024x1536.jpg 1024w, https:\/\/media.podrumsukac.rs\/2020\/08\/sauvignon_blanc.jpg 1280w\" sizes=\"(max-width: 600px) 100vw, 600px\" \/><h2 class=\"woocommerce-loop-product__title\">Sauvignon Blanc<\/h2>\n\t<span class=\"price\"><span class=\"woocommerce-Price-amount amount\"><bdi>900,00&nbsp;<span class=\"woocommerce-Price-currencySymbol\">&#1088;&#1089;&#1076;<\/span><\/bdi><\/span><\/span>\n<\/a><a href=\"\/en\/wp-json\/wp\/v2\/pages\/18?add-to-cart=130\" aria-describedby=\"woocommerce_loop_add_to_cart_link_describedby_130\" data-quantity=\"1\" class=\"button product_type_simple add_to_cart_button ajax_add_to_cart\" data-product_id=\"130\" data-product_sku=\"\" aria-label=\"Add to cart: \u201cSauvignon Blanc\u201d\" rel=\"nofollow\" data-success_message=\"\u201cSauvignon Blanc\u201d has been added to your cart\" role=\"button\" data-no-translation=\"\" data-trp-gettext=\"\" data-no-translation-aria-label=\"\" data-no-translation-data-success_message=\"\">Add to Cart<\/a>\t<span id=\"woocommerce_loop_add_to_cart_link_describedby_130\" class=\"screen-reader-text\">\n\t\t\t<\/span>\n<\/li>\n<\/ul>\n<\/div>\t\t\t\t<\/div>\n\t\t\t\t<\/div>\n\t\t\t\t\t<\/div>\n\t\t<\/div>\n\t\t\t\t\t<\/div>\n\t\t<\/section>\n\t\t\t\t<section class=\"elementor-section elementor-top-section elementor-element elementor-element-186bc914 elementor-section-content-middle elementor-section-boxed elementor-section-height-default elementor-section-height-default\" data-id=\"186bc914\" data-element_type=\"section\" data-e-type=\"section\" id=\"o-nama\">\n\t\t\t\t\t\t<div class=\"elementor-container elementor-column-gap-no\">\n\t\t\t\t\t<div class=\"elementor-column elementor-col-33 elementor-top-column elementor-element elementor-element-7cc467ed\" data-id=\"7cc467ed\" data-element_type=\"column\" data-e-type=\"column\">\n\t\t\t<div class=\"elementor-widget-wrap elementor-element-populated\">\n\t\t\t\t\t\t<div class=\"elementor-element elementor-element-cadf399 elementor-widget elementor-widget-text-editor\" data-id=\"cadf399\" data-element_type=\"widget\" data-e-type=\"widget\" data-widget_type=\"text-editor.default\">\n\t\t\t\t<div class=\"elementor-widget-container\">\n\t\t\t\t\t\t\t\t\t<p>All of our wine is made using the grapes from our own vineyards. We are always trying to improve on how we utilize this abundant natural resource. We are always shooting for the stars, keeping in touch with best practices of today, but never at the expense of the quality, values, and traditions we grew up with. After all, the process of maturing wine is one of time, experience, and patience and as we oversee it, we grow and mature alongside it.<\/p>\t\t\t\t\t\t\t\t<\/div>\n\t\t\t\t<\/div>\n\t\t\t\t\t<\/div>\n\t\t<\/div>\n\t\t\t\t<div class=\"elementor-column elementor-col-33 elementor-top-column elementor-element elementor-element-1b0e0e1e\" data-id=\"1b0e0e1e\" data-element_type=\"column\" data-e-type=\"column\">\n\t\t\t<div class=\"elementor-widget-wrap elementor-element-populated\">\n\t\t\t\t\t\t<div class=\"elementor-element elementor-element-2376283 elementor-widget elementor-widget-text-editor\" data-id=\"2376283\" data-element_type=\"widget\" data-e-type=\"widget\" data-widget_type=\"text-editor.default\">\n\t\t\t\t<div class=\"elementor-widget-container\">\n\t\t\t\t\t\t\t\t\t<p>Podrum \u0160ukac winery, under the watchful eye of songbirds, boasts a choice of wines that include the Gra\u0161ac beli, Sauvignon Blanc, Merlot, Frankovka and Rose. You will also find Bermet, a dessert wine typical of Fru\u0161ka gora and Srem region.<\/p>\t\t\t\t\t\t\t\t<\/div>\n\t\t\t\t<\/div>\n\t\t\t\t\t<\/div>\n\t\t<\/div>\n\t\t\t\t<div class=\"elementor-column elementor-col-33 elementor-top-column elementor-element elementor-element-2f71f264\" data-id=\"2f71f264\" data-element_type=\"column\" data-e-type=\"column\">\n\t\t\t<div class=\"elementor-widget-wrap elementor-element-populated\">\n\t\t\t\t\t\t<div class=\"elementor-element elementor-element-ceddda5 elementor-widget elementor-widget-text-editor\" data-id=\"ceddda5\" data-element_type=\"widget\" data-e-type=\"widget\" data-widget_type=\"text-editor.default\">\n\t\t\t\t<div class=\"elementor-widget-container\">\n\t\t\t\t\t\t\t\t\t<p>To make the experience more complete, we have a tasting room built in a typical Vojvodinian style. There, we will be able to enjoy the finest that nature and life have to offer: great wine, good company, kind words, and sometimes \u2013 why not \u2013 a bit of song.<\/p>\t\t\t\t\t\t\t\t<\/div>\n\t\t\t\t<\/div>\n\t\t\t\t<div class=\"elementor-element elementor-element-feb58f3 elementor-widget elementor-widget-heading\" data-id=\"feb58f3\" data-element_type=\"widget\" data-e-type=\"widget\" data-widget_type=\"heading.default\">\n\t\t\t\t<div class=\"elementor-widget-container\">\n\t\t\t\t\t<p class=\"elementor-heading-title elementor-size-default\">Welcome!<\/p>\t\t\t\t<\/div>\n\t\t\t\t<\/div>\n\t\t\t\t<div class=\"elementor-element elementor-element-1490523 elementor-widget elementor-widget-spacer\" data-id=\"1490523\" data-element_type=\"widget\" data-e-type=\"widget\" data-widget_type=\"spacer.default\">\n\t\t\t\t<div class=\"elementor-widget-container\">\n\t\t\t\t\t\t\t<div class=\"elementor-spacer\">\n\t\t\t<div class=\"elementor-spacer-inner\"><\/div>\n\t\t<\/div>\n\t\t\t\t\t\t<\/div>\n\t\t\t\t<\/div>\n\t\t\t\t<div class=\"elementor-element elementor-element-c7ccf83 elementor-widget elementor-widget-wp-widget-custom_html\" data-id=\"c7ccf83\" data-element_type=\"widget\" data-e-type=\"widget\" data-widget_type=\"wp-widget-custom_html.default\">\n\t\t\t\t<div class=\"elementor-widget-container\">\n\t\t\t\t\t<div class=\"textwidget custom-html-widget\"><\/div>\t\t\t\t<\/div>\n\t\t\t\t<\/div>\n\t\t\t\t\t<\/div>\n\t\t<\/div>\n\t\t\t\t\t<\/div>\n\t\t<\/section>\n\t\t\t\t<\/div>","protected":false},"excerpt":{"rendered":"<p>Porodi\u010dna vinarija &#8222;Podrum \u0160ukac&#8220; \u0160est generacijau slu\u017ebi hedonizma O NAMA Vinarija koja spaja sada\u0161njost i pro\u0161lost Na samo nekoliko kilometara od Novog Sada na obroncima Fru\u0161ke gore, u Sremskoj Kamenici, sme\u0161tena je na\u0161a porodi\u010dna vinarija, \u201ePodrum \u0160ukac\u201c. Tradicija gajenja vinove loze u na\u0161oj porodici prenosi se sa kolena na koleno jo\u0161 od 1854. godine, kada [&hellip;]<\/p>\n","protected":false},"author":2,"featured_media":0,"parent":0,"menu_order":0,"comment_status":"closed","ping_status":"closed","template":"","meta":{"footnotes":""},"class_list":["post-18","page","type-page","status-publish","hentry"],"_links":{"self":[{"href":"https:\/\/podrumsukac.rs\/en\/wp-json\/wp\/v2\/pages\/18","targetHints":{"allow":["GET"]}}],"collection":[{"href":"https:\/\/podrumsukac.rs\/en\/wp-json\/wp\/v2\/pages"}],"about":[{"href":"https:\/\/podrumsukac.rs\/en\/wp-json\/wp\/v2\/types\/page"}],"author":[{"embeddable":true,"href":"https:\/\/podrumsukac.rs\/en\/wp-json\/wp\/v2\/users\/2"}],"replies":[{"embeddable":true,"href":"https:\/\/podrumsukac.rs\/en\/wp-json\/wp\/v2\/comments?post=18"}],"version-history":[{"count":220,"href":"https:\/\/podrumsukac.rs\/en\/wp-json\/wp\/v2\/pages\/18\/revisions"}],"predecessor-version":[{"id":561,"href":"https:\/\/podrumsukac.rs\/en\/wp-json\/wp\/v2\/pages\/18\/revisions\/561"}],"wp:attachment":[{"href":"https:\/\/podrumsukac.rs\/en\/wp-json\/wp\/v2\/media?parent=18"}],"curies":[{"name":"wp","href":"https:\/\/api.w.org\/{rel}","templated":true}]}}